{"id":160,"date":"2025-04-30T12:51:45","date_gmt":"2025-04-30T12:51:45","guid":{"rendered":"https:\/\/aedbf.360software.ro\/?page_id=160"},"modified":"2025-08-25T20:05:42","modified_gmt":"2025-08-25T20:05:42","slug":"general-assembly-of-members","status":"publish","type":"page","link":"https:\/\/aedbf.ro\/en\/general-assembly-of-members\/","title":{"rendered":"General Assembly of Members"},"content":{"rendered":"<section class=\"bde-section-160-143 bde-section\">\n              \n  \n  \n\t\n\n  <div class=\"section-background-overlay\"><\/div>\n\n\n<div class=\"section-container\"><div class=\"bde-columns-160-144 bde-columns\"><div class=\"bde-column-160-145 bde-column\">\n  \n  \n\t\n\n\n\n<h1 class=\"bde-heading-160-146 bde-heading\">\nGeneral Assembly of Members\n<\/h1><div class=\"bde-text-160-147 bde-text\">\nEuropean Association of Banking and Financial Law \u2013 Romania\n<\/div>\n<\/div><\/div><\/div>\n<\/section><section class=\"bde-section-160-100 bde-section\">\n  \n  \n\t\n\n\n\n<div class=\"section-container\"><div class=\"bde-div-160-101 bde-div\">\n  \n  \n\t\n\n\n\n<div class=\"bde-div-160-102 bde-div\">\n  \n  \n\t\n\n\n\n<div class=\"bde-icon-160-103 bde-icon\">\n\n    \n            <div class=\"bde-icon-icon breakdance-icon-atom\" >\n    \n                    <svg xmlns=\"http:\/\/www.w3.org\/2000\/svg\" viewbox=\"0 0 640 512\"><!--! Font Awesome Free 6.5.1 by @fontawesome - https:\/\/fontawesome.com License - https:\/\/fontawesome.com\/license\/free (Icons: CC BY 4.0, Fonts: SIL OFL 1.1, Code: MIT License) Copyright 2023 Fonticons, Inc. --><path d=\"M144 160A80 80 0 1 0 144 0a80 80 0 1 0 0 160zm368 0A80 80 0 1 0 512 0a80 80 0 1 0 0 160zM0 298.7C0 310.4 9.6 320 21.3 320H234.7c.2 0 .4 0 .7 0c-26.6-23.5-43.3-57.8-43.3-96c0-7.6 .7-15 1.9-22.3c-13.6-6.3-28.7-9.7-44.6-9.7H106.7C47.8 192 0 239.8 0 298.7zM320 320c24 0 45.9-8.8 62.7-23.3c2.5-3.7 5.2-7.3 8-10.7c2.7-3.3 5.7-6.1 9-8.3C410 262.3 416 243.9 416 224c0-53-43-96-96-96s-96 43-96 96s43 96 96 96zm65.4 60.2c-10.3-5.9-18.1-16.2-20.8-28.2H261.3C187.7 352 128 411.7 128 485.3c0 14.7 11.9 26.7 26.7 26.7H455.2c-2.1-5.2-3.2-10.9-3.2-16.4v-3c-1.3-.7-2.7-1.5-4-2.3l-2.6 1.5c-16.8 9.7-40.5 8-54.7-9.7c-4.5-5.6-8.6-11.5-12.4-17.6l-.1-.2-.1-.2-2.4-4.1-.1-.2-.1-.2c-3.4-6.2-6.4-12.6-9-19.3c-8.2-21.2 2.2-42.6 19-52.3l2.7-1.5c0-.8 0-1.5 0-2.3s0-1.5 0-2.3l-2.7-1.5zM533.3 192H490.7c-15.9 0-31 3.5-44.6 9.7c1.3 7.2 1.9 14.7 1.9 22.3c0 17.4-3.5 33.9-9.7 49c2.5 .9 4.9 2 7.1 3.3l2.6 1.5c1.3-.8 2.6-1.6 4-2.3v-3c0-19.4 13.3-39.1 35.8-42.6c7.9-1.2 16-1.9 24.2-1.9s16.3 .6 24.2 1.9c22.5 3.5 35.8 23.2 35.8 42.6v3c1.3 .7 2.7 1.5 4 2.3l2.6-1.5c16.8-9.7 40.5-8 54.7 9.7c2.3 2.8 4.5 5.8 6.6 8.7c-2.1-57.1-49-102.7-106.6-102.7zm91.3 163.9c6.3-3.6 9.5-11.1 6.8-18c-2.1-5.5-4.6-10.8-7.4-15.9l-2.3-4c-3.1-5.1-6.5-9.9-10.2-14.5c-4.6-5.7-12.7-6.7-19-3l-2.9 1.7c-9.2 5.3-20.4 4-29.6-1.3s-16.1-14.5-16.1-25.1v-3.4c0-7.3-4.9-13.8-12.1-14.9c-6.5-1-13.1-1.5-19.9-1.5s-13.4 .5-19.9 1.5c-7.2 1.1-12.1 7.6-12.1 14.9v3.4c0 10.6-6.9 19.8-16.1 25.1s-20.4 6.6-29.6 1.3l-2.9-1.7c-6.3-3.6-14.4-2.6-19 3c-3.7 4.6-7.1 9.5-10.2 14.6l-2.3 3.9c-2.8 5.1-5.3 10.4-7.4 15.9c-2.6 6.8 .5 14.3 6.8 17.9l2.9 1.7c9.2 5.3 13.7 15.8 13.7 26.4s-4.5 21.1-13.7 26.4l-3 1.7c-6.3 3.6-9.5 11.1-6.8 17.9c2.1 5.5 4.6 10.7 7.4 15.8l2.4 4.1c3 5.1 6.4 9.9 10.1 14.5c4.6 5.7 12.7 6.7 19 3l2.9-1.7c9.2-5.3 20.4-4 29.6 1.3s16.1 14.5 16.1 25.1v3.4c0 7.3 4.9 13.8 12.1 14.9c6.5 1 13.1 1.5 19.9 1.5s13.4-.5 19.9-1.5c7.2-1.1 12.1-7.6 12.1-14.9v-3.4c0-10.6 6.9-19.8 16.1-25.1s20.4-6.6 29.6-1.3l2.9 1.7c6.3 3.6 14.4 2.6 19-3c3.7-4.6 7.1-9.4 10.1-14.5l2.4-4.2c2.8-5.1 5.3-10.3 7.4-15.8c2.6-6.8-.5-14.3-6.8-17.9l-3-1.7c-9.2-5.3-13.7-15.8-13.7-26.4s4.5-21.1 13.7-26.4l3-1.7zM472 384a40 40 0 1 1 80 0 40 40 0 1 1 -80 0z\"\/><\/svg>\n        \n        \n        \n            <\/div>\n    \n\n\n<\/div><h1 class=\"bde-heading-160-104 bde-heading\">\nGeneral Assembly of Members<br>\n<\/h1>\n<\/div><div class=\"bde-rich-text-160-105 bde-rich-text breakdance-rich-text-styles\">\n<p><span style=\"font-weight: 400;\">The General Assembly of Members constitutes the supreme governing body of AEDBF Romania and has a decision-making role in all essential aspects of the association's functioning.<\/span><\/p>\n<p><span style=\"font-weight: 400;\">By bringing together all members, the General Assembly meets at least once a year, in physical, hybrid, or online format, thereby ensuring broad and representative participation of the community. Its responsibilities include: electing and dismissing the Board of Directors and the Auditor, approving the budget and annual report, defining the overall development strategy, and validating the activity program for the following year.<\/span><\/p>\n<p><span style=\"font-weight: 400;\">By exercising their right to vote, the members of the General Assembly decide on the major directions for the development of AEDBF Romania, on any potential amendments to the statutes, on the establishment of branches, or, in exceptional cases, on the dissolution of the association.<\/span><\/p>\n<p><span style=\"font-weight: 400;\">The General Assembly also embodies AEDBF Romania\u2019s democratic and participatory values \u2013 a forum where every member matters, and decisions are made through shared responsibility.<\/span><\/p>\n<\/div>\n<\/div><\/div>\n<\/section>","protected":false},"excerpt":{"rendered":"<p>Adunarea General\u0103 A Membrilor Asocia\u021bia European\u0103 de Drept Bancar \u0219i Financiar Adunarea General\u0103 A Membrilor Adunarea General\u0103 a Membrilor constituie organul suprem de conducere al AEDBF Rom\u00e2nia \u0219i are rol decizional \u00een toate aspectele esen\u021biale ale func\u021bion\u0103rii asocia\u021biei. Reunind totalitatea membrilor, Adunarea General\u0103 se \u00eentrune\u0219te cel pu\u021bin o dat\u0103 pe an, \u00een format fizic, hibrid [&hellip;]<\/p>","protected":false},"author":1,"featured_media":0,"parent":0,"menu_order":0,"comment_status":"closed","ping_status":"closed","template":"","meta":{"_breakdance_hide_in_design_set":false,"_breakdance_tags":"","footnotes":""},"class_list":["post-160","page","type-page","status-publish","hentry"],"_links":{"self":[{"href":"https:\/\/aedbf.ro\/en\/wp-json\/wp\/v2\/pages\/160","targetHints":{"allow":["GET"]}}],"collection":[{"href":"https:\/\/aedbf.ro\/en\/wp-json\/wp\/v2\/pages"}],"about":[{"href":"https:\/\/aedbf.ro\/en\/wp-json\/wp\/v2\/types\/page"}],"author":[{"embeddable":true,"href":"https:\/\/aedbf.ro\/en\/wp-json\/wp\/v2\/users\/1"}],"replies":[{"embeddable":true,"href":"https:\/\/aedbf.ro\/en\/wp-json\/wp\/v2\/comments?post=160"}],"version-history":[{"count":0,"href":"https:\/\/aedbf.ro\/en\/wp-json\/wp\/v2\/pages\/160\/revisions"}],"wp:attachment":[{"href":"https:\/\/aedbf.ro\/en\/wp-json\/wp\/v2\/media?parent=160"}],"curies":[{"name":"wp","href":"https:\/\/api.w.org\/{rel}","templated":true}]}}